{"id":28,"date":"2021-08-21T08:04:46","date_gmt":"2021-08-21T08:04:46","guid":{"rendered":"https:\/\/www.alneta.lt\/index.php\/alneta\/"},"modified":"2025-04-11T11:29:35","modified_gmt":"2025-04-11T11:29:35","slug":"alneta","status":"publish","type":"page","link":"https:\/\/www.alneta.lt\/","title":{"rendered":"ALNETA"},"content":{"rendered":"<div class=\"\" style=\"\" >\n    \n    <section class=\"u-align-center u-clearfix u-image u-shading u-section-2\" src=\"\" data-image-width=\"1500\" data-image-height=\"1000\" id=\"sec-c6cd\">\n      <div class=\"u-clearfix u-sheet u-sheet-1\">\n        <h1 class=\"u-text u-title u-text-1\">\n          <span style=\"font-size: 24px;\">Informacin\u0117s sistemos<\/span>\n        <\/h1>\n        <p class=\"u-large-text u-text u-text-variant u-text-2\">Apskaitos programa \"RIvil\u0117\".Konsultacijos.Prekyba kompiuterine \u012franga<\/p>\n        <a href=\"https:\/\/www.alneta.lt\/index.php\/veikla\/\" class=\"u-btn u-button-style u-palette-2-base u-btn-1\">PLA\u010cIAU<\/a>\n      <\/div>\n    <\/section>\n    <section class=\"u-clearfix u-section-3\" id=\"sec-3d95\">\n      <div class=\"u-clearfix u-sheet u-sheet-1\"><\/div>\n    <\/section>\n    \n    \n    \n    \n  \n<\/div>","protected":false},"excerpt":{"rendered":"<p>Informacin\u0117s sistemos Apskaitos programa &#8222;RIvil\u0117&#8221;.Konsultacijos.Prekyba kompiuterine \u012franga PLA\u010cIAU<\/p>\n","protected":false},"author":1,"featured_media":0,"parent":0,"menu_order":2,"comment_status":"closed","ping_status":"closed","template":"","meta":{"footnotes":""},"class_list":["post-28","page","type-page","status-publish"],"_links":{"self":[{"href":"https:\/\/www.alneta.lt\/index.php\/wp-json\/wp\/v2\/pages\/28","targetHints":{"allow":["GET"]}}],"collection":[{"href":"https:\/\/www.alneta.lt\/index.php\/wp-json\/wp\/v2\/pages"}],"about":[{"href":"https:\/\/www.alneta.lt\/index.php\/wp-json\/wp\/v2\/types\/page"}],"author":[{"embeddable":true,"href":"https:\/\/www.alneta.lt\/index.php\/wp-json\/wp\/v2\/users\/1"}],"replies":[{"embeddable":true,"href":"https:\/\/www.alneta.lt\/index.php\/wp-json\/wp\/v2\/comments?post=28"}],"version-history":[{"count":5,"href":"https:\/\/www.alneta.lt\/index.php\/wp-json\/wp\/v2\/pages\/28\/revisions"}],"predecessor-version":[{"id":84,"href":"https:\/\/www.alneta.lt\/index.php\/wp-json\/wp\/v2\/pages\/28\/revisions\/84"}],"wp:attachment":[{"href":"https:\/\/www.alneta.lt\/index.php\/wp-json\/wp\/v2\/media?parent=28"}],"curies":[{"name":"wp","href":"https:\/\/api.w.org\/{rel}","templated":true}]}}